{"id":1289,"date":"2022-11-04T10:56:54","date_gmt":"2022-11-04T02:56:54","guid":{"rendered":"https:\/\/maderaadultschool.com\/?page_id=1289"},"modified":"2024-04-17T08:53:31","modified_gmt":"2024-04-17T00:53:31","slug":"student-software","status":"publish","type":"page","link":"https:\/\/maderaadultschool.com\/es\/programs\/student-software\/","title":{"rendered":"Software Estudiantil"},"content":{"rendered":"<div data-elementor-type=\"wp-page\" data-elementor-id=\"1289\" class=\"elementor elementor-1289\" data-elementor-post-type=\"page\">\n\t\t\t\t<div class=\"elementor-element elementor-element-662ac78 e-flex e-con-boxed e-con e-parent\" data-id=\"662ac78\" data-element_type=\"container\">\n\t\t\t\t\t<div class=\"e-con-inner\">\n\t\t<div class=\"elementor-element elementor-element-6f23274 e-flex e-con-boxed e-con e-child\" data-id=\"6f23274\" data-element_type=\"container\">\n\t\t\t\t\t<div class=\"e-con-inner\">\n\t\t\t\t\t<\/div>\n\t\t\t\t<\/div>\n\t\t<div class=\"elementor-element elementor-element-73279b5 e-flex e-con-boxed e-con e-child\" data-id=\"73279b5\" data-element_type=\"container\">\n\t\t\t\t\t<div class=\"e-con-inner\">\n\t\t\t\t<div class=\"elementor-element elementor-element-79266df elementor-widget__width-inherit elementor-widget elementor-widget-heading\" data-id=\"79266df\" data-element_type=\"widget\" data-widget_type=\"heading.default\">\n\t\t\t\t<div class=\"elementor-widget-container\">\n\t\t\t\t\t<div class=\"elementor-heading-title elementor-size-default\">Acceso en l\u00ednea a los recursos de software de los estudiantes<\/div>\t\t\t\t<\/div>\n\t\t\t\t<\/div>\n\t\t\t\t<div class=\"elementor-element elementor-element-286dbba elementor-widget elementor-widget-text-editor\" data-id=\"286dbba\" data-element_type=\"widget\" data-widget_type=\"text-editor.default\">\n\t\t\t\t<div class=\"elementor-widget-container\">\n\t\t\t\t\t\t\t\t\t<p>Las siguientes soluciones de software en l\u00ednea est\u00e1n disponibles para que los estudiantes las utilicen en sus cursos. Aseg\u00farese de preguntarle a su maestro con cualquier pregunta relacionada con la disponibilidad, el uso y los problemas de inicio de sesi\u00f3n para usar con \u00e9xito el software para completar su trabajo escolar en l\u00ednea.<\/p>\t\t\t\t\t\t\t\t<\/div>\n\t\t\t\t<\/div>\n\t\t<div class=\"elementor-element elementor-element-b6a51ed e-con-full e-flex e-con e-child\" data-id=\"b6a51ed\" data-element_type=\"container\">\n\t\t\t\t<div class=\"elementor-element elementor-element-82c6946 elementor-widget__width-initial elementor-widget-mobile__width-initial elementor-widget-laptop__width-initial elementor-widget-tablet_extra__width-initial elementor-widget-tablet__width-initial elementor-widget elementor-widget-image\" data-id=\"82c6946\" data-element_type=\"widget\" data-widget_type=\"image.default\">\n\t\t\t\t<div class=\"elementor-widget-container\">\n\t\t\t\t\t\t\t\t\t\t\t\t\t\t\t\t<a href=\"https:\/\/alison.com\/\" target=\"_blank\">\n\t\t\t\t\t\t\t<img decoding=\"async\" width=\"320\" height=\"59\" src=\"https:\/\/maderaadultschool.com\/wp-content\/uploads\/2022\/11\/alison-free-courses-320.webp\" class=\"attachment-medium_large size-medium_large wp-image-1278\" alt=\"\" srcset=\"https:\/\/maderaadultschool.com\/wp-content\/uploads\/2022\/11\/alison-free-courses-320.webp 320w, https:\/\/maderaadultschool.com\/wp-content\/uploads\/2022\/11\/alison-free-courses-320-300x55.webp 300w\" sizes=\"(max-width: 320px) 100vw, 320px\" \/>\t\t\t\t\t\t\t\t<\/a>\n\t\t\t\t\t\t\t\t\t\t\t\t\t\t\t<\/div>\n\t\t\t\t<\/div>\n\t\t\t\t<div class=\"elementor-element elementor-element-5b445a7 elementor-widget__width-initial elementor-widget-mobile__width-initial elementor-widget-laptop__width-initial elementor-widget-tablet_extra__width-initial elementor-widget-tablet__width-initial elementor-widget elementor-widget-image\" data-id=\"5b445a7\" data-element_type=\"widget\" data-widget_type=\"image.default\">\n\t\t\t\t<div class=\"elementor-widget-container\">\n\t\t\t\t\t\t\t\t\t\t\t\t\t\t\t\t<a href=\"https:\/\/plus.aztecsoftware.com\/\" target=\"_blank\">\n\t\t\t\t\t\t\t<img decoding=\"async\" width=\"320\" height=\"78\" src=\"https:\/\/maderaadultschool.com\/wp-content\/uploads\/2022\/11\/aztec-software-logo-320.webp\" class=\"attachment-medium_large size-medium_large wp-image-1279\" alt=\"\" srcset=\"https:\/\/maderaadultschool.com\/wp-content\/uploads\/2022\/11\/aztec-software-logo-320.webp 320w, https:\/\/maderaadultschool.com\/wp-content\/uploads\/2022\/11\/aztec-software-logo-320-300x73.webp 300w\" sizes=\"(max-width: 320px) 100vw, 320px\" \/>\t\t\t\t\t\t\t\t<\/a>\n\t\t\t\t\t\t\t\t\t\t\t\t\t\t\t<\/div>\n\t\t\t\t<\/div>\n\t\t\t\t<div class=\"elementor-element elementor-element-c252acf elementor-widget__width-initial elementor-widget-mobile__width-initial elementor-widget-laptop__width-initial elementor-widget-tablet_extra__width-initial elementor-widget-tablet__width-initial elementor-widget elementor-widget-image\" data-id=\"c252acf\" data-element_type=\"widget\" data-widget_type=\"image.default\">\n\t\t\t\t<div class=\"elementor-widget-container\">\n\t\t\t\t\t\t\t\t\t\t\t\t\t\t\t\t<a href=\"https:\/\/www.cacareerzone.org\/\" target=\"_blank\">\n\t\t\t\t\t\t\t<img decoding=\"async\" width=\"320\" height=\"61\" src=\"https:\/\/maderaadultschool.com\/wp-content\/uploads\/2022\/11\/ca-career-zone-logo-320.webp\" class=\"attachment-medium_large size-medium_large wp-image-1280\" alt=\"\" srcset=\"https:\/\/maderaadultschool.com\/wp-content\/uploads\/2022\/11\/ca-career-zone-logo-320.webp 320w, https:\/\/maderaadultschool.com\/wp-content\/uploads\/2022\/11\/ca-career-zone-logo-320-300x57.webp 300w\" sizes=\"(max-width: 320px) 100vw, 320px\" \/>\t\t\t\t\t\t\t\t<\/a>\n\t\t\t\t\t\t\t\t\t\t\t\t\t\t\t<\/div>\n\t\t\t\t<\/div>\n\t\t\t\t<div class=\"elementor-element elementor-element-29be842 elementor-widget__width-initial elementor-widget-mobile__width-initial elementor-widget-laptop__width-initial elementor-widget-tablet_extra__width-initial elementor-widget-tablet__width-initial elementor-widget elementor-widget-image\" data-id=\"29be842\" data-element_type=\"widget\" data-widget_type=\"image.default\">\n\t\t\t\t<div class=\"elementor-widget-container\">\n\t\t\t\t\t\t\t\t\t\t\t\t\t\t\t\t<a href=\"http:\/\/www.lexiacore5.com\/\" target=\"_blank\">\n\t\t\t\t\t\t\t<img loading=\"lazy\" decoding=\"async\" width=\"320\" height=\"145\" src=\"https:\/\/maderaadultschool.com\/wp-content\/uploads\/2022\/11\/lexia-core5-logo-320.webp\" class=\"attachment-medium_large size-medium_large wp-image-1281\" alt=\"\" srcset=\"https:\/\/maderaadultschool.com\/wp-content\/uploads\/2022\/11\/lexia-core5-logo-320.webp 320w, https:\/\/maderaadultschool.com\/wp-content\/uploads\/2022\/11\/lexia-core5-logo-320-300x136.webp 300w\" sizes=\"(max-width: 320px) 100vw, 320px\" \/>\t\t\t\t\t\t\t\t<\/a>\n\t\t\t\t\t\t\t\t\t\t\t\t\t\t\t<\/div>\n\t\t\t\t<\/div>\n\t\t\t\t<div class=\"elementor-element elementor-element-cd5f42b elementor-widget__width-initial elementor-widget-mobile__width-initial elementor-widget-laptop__width-initial elementor-widget-tablet_extra__width-initial elementor-widget-tablet__width-initial elementor-widget elementor-widget-image\" data-id=\"cd5f42b\" data-element_type=\"widget\" data-widget_type=\"image.default\">\n\t\t\t\t<div class=\"elementor-widget-container\">\n\t\t\t\t\t\t\t\t\t\t\t\t\t\t\t\t<a href=\"https:\/\/www.edgenuity.com\/login\/\" target=\"_blank\">\n\t\t\t\t\t\t\t<img loading=\"lazy\" decoding=\"async\" width=\"320\" height=\"71\" src=\"https:\/\/maderaadultschool.com\/wp-content\/uploads\/2022\/11\/edgenuity-logo-320.webp\" class=\"attachment-medium_large size-medium_large wp-image-1282\" alt=\"\" srcset=\"https:\/\/maderaadultschool.com\/wp-content\/uploads\/2022\/11\/edgenuity-logo-320.webp 320w, https:\/\/maderaadultschool.com\/wp-content\/uploads\/2022\/11\/edgenuity-logo-320-300x67.webp 300w\" sizes=\"(max-width: 320px) 100vw, 320px\" \/>\t\t\t\t\t\t\t\t<\/a>\n\t\t\t\t\t\t\t\t\t\t\t\t\t\t\t<\/div>\n\t\t\t\t<\/div>\n\t\t\t\t<div class=\"elementor-element elementor-element-a4c5f3f elementor-widget__width-initial elementor-widget-mobile__width-initial elementor-widget-laptop__width-initial elementor-widget-tablet_extra__width-initial elementor-widget-tablet__width-initial elementor-widget elementor-widget-image\" data-id=\"a4c5f3f\" data-element_type=\"widget\" data-widget_type=\"image.default\">\n\t\t\t\t<div class=\"elementor-widget-container\">\n\t\t\t\t\t\t\t\t\t\t\t\t\t\t\t\t<a href=\"https:\/\/ca.etestsonline.org\/eTests2\/%20\" target=\"_blank\">\n\t\t\t\t\t\t\t<img loading=\"lazy\" decoding=\"async\" width=\"320\" height=\"130\" src=\"https:\/\/maderaadultschool.com\/wp-content\/uploads\/2022\/11\/eO_Logo-320.webp\" class=\"attachment-medium_large size-medium_large wp-image-1262\" alt=\"\" srcset=\"https:\/\/maderaadultschool.com\/wp-content\/uploads\/2022\/11\/eO_Logo-320.webp 320w, https:\/\/maderaadultschool.com\/wp-content\/uploads\/2022\/11\/eO_Logo-320-300x122.webp 300w\" sizes=\"(max-width: 320px) 100vw, 320px\" \/>\t\t\t\t\t\t\t\t<\/a>\n\t\t\t\t\t\t\t\t\t\t\t\t\t\t\t<\/div>\n\t\t\t\t<\/div>\n\t\t\t\t<div class=\"elementor-element elementor-element-301f37f elementor-widget__width-initial elementor-widget-mobile__width-initial elementor-widget-laptop__width-initial elementor-widget-tablet_extra__width-initial elementor-widget-tablet__width-initial elementor-widget elementor-widget-image\" data-id=\"301f37f\" data-element_type=\"widget\" data-widget_type=\"image.default\">\n\t\t\t\t<div class=\"elementor-widget-container\">\n\t\t\t\t\t\t\t\t\t\t\t\t\t\t\t\t<a href=\"http:\/\/www.gmetrix.net\" target=\"_blank\">\n\t\t\t\t\t\t\t<img loading=\"lazy\" decoding=\"async\" width=\"320\" height=\"143\" src=\"https:\/\/maderaadultschool.com\/wp-content\/uploads\/2022\/11\/GMetrix-logo-320.webp\" class=\"attachment-medium_large size-medium_large wp-image-1283\" alt=\"\" srcset=\"https:\/\/maderaadultschool.com\/wp-content\/uploads\/2022\/11\/GMetrix-logo-320.webp 320w, https:\/\/maderaadultschool.com\/wp-content\/uploads\/2022\/11\/GMetrix-logo-320-300x134.webp 300w\" sizes=\"(max-width: 320px) 100vw, 320px\" \/>\t\t\t\t\t\t\t\t<\/a>\n\t\t\t\t\t\t\t\t\t\t\t\t\t\t\t<\/div>\n\t\t\t\t<\/div>\n\t\t\t\t<div class=\"elementor-element elementor-element-8556ae9 elementor-widget__width-initial elementor-widget-mobile__width-initial elementor-widget-laptop__width-initial elementor-widget-tablet_extra__width-initial elementor-widget-tablet__width-initial elementor-widget elementor-widget-image\" data-id=\"8556ae9\" data-element_type=\"widget\" data-widget_type=\"image.default\">\n\t\t\t\t<div class=\"elementor-widget-container\">\n\t\t\t\t\t\t\t\t\t\t\t\t\t\t\t\t<a href=\"https:\/\/www.khanacademy.org\/\" target=\"_blank\">\n\t\t\t\t\t\t\t<img loading=\"lazy\" decoding=\"async\" width=\"320\" height=\"65\" src=\"https:\/\/maderaadultschool.com\/wp-content\/uploads\/2022\/11\/Khan-Academy-logo-320.webp\" class=\"attachment-medium_large size-medium_large wp-image-1284\" alt=\"\" srcset=\"https:\/\/maderaadultschool.com\/wp-content\/uploads\/2022\/11\/Khan-Academy-logo-320.webp 320w, https:\/\/maderaadultschool.com\/wp-content\/uploads\/2022\/11\/Khan-Academy-logo-320-300x61.webp 300w\" sizes=\"(max-width: 320px) 100vw, 320px\" \/>\t\t\t\t\t\t\t\t<\/a>\n\t\t\t\t\t\t\t\t\t\t\t\t\t\t\t<\/div>\n\t\t\t\t<\/div>\n\t\t\t\t<div class=\"elementor-element elementor-element-c23d561 elementor-widget__width-initial elementor-widget-mobile__width-initial elementor-widget-laptop__width-initial elementor-widget-tablet_extra__width-initial elementor-widget-tablet__width-initial elementor-widget elementor-widget-image\" data-id=\"c23d561\" data-element_type=\"widget\" data-widget_type=\"image.default\">\n\t\t\t\t<div class=\"elementor-widget-container\">\n\t\t\t\t\t\t\t\t\t\t\t\t\t\t\t\t<a href=\"https:\/\/meet.google.com\/\" target=\"_blank\">\n\t\t\t\t\t\t\t<img loading=\"lazy\" decoding=\"async\" width=\"320\" height=\"62\" src=\"https:\/\/maderaadultschool.com\/wp-content\/uploads\/2022\/11\/Google_Meet_text_logo_320.webp\" class=\"attachment-medium_large size-medium_large wp-image-1263\" alt=\"\" srcset=\"https:\/\/maderaadultschool.com\/wp-content\/uploads\/2022\/11\/Google_Meet_text_logo_320.webp 320w, https:\/\/maderaadultschool.com\/wp-content\/uploads\/2022\/11\/Google_Meet_text_logo_320-300x58.webp 300w\" sizes=\"(max-width: 320px) 100vw, 320px\" \/>\t\t\t\t\t\t\t\t<\/a>\n\t\t\t\t\t\t\t\t\t\t\t\t\t\t\t<\/div>\n\t\t\t\t<\/div>\n\t\t\t\t<div class=\"elementor-element elementor-element-f3b9f15 elementor-widget__width-initial elementor-widget-mobile__width-initial elementor-widget-laptop__width-initial elementor-widget-tablet_extra__width-initial elementor-widget-tablet__width-initial elementor-widget elementor-widget-image\" data-id=\"f3b9f15\" data-element_type=\"widget\" data-widget_type=\"image.default\">\n\t\t\t\t<div class=\"elementor-widget-container\">\n\t\t\t\t\t\t\t\t\t\t\t\t\t\t\t\t<a href=\"https:\/\/www.typingclub.com\/\" target=\"_blank\">\n\t\t\t\t\t\t\t<img loading=\"lazy\" decoding=\"async\" width=\"320\" height=\"73\" src=\"https:\/\/maderaadultschool.com\/wp-content\/uploads\/2022\/11\/typingclub-logo-320.webp\" class=\"attachment-medium_large size-medium_large wp-image-1285\" alt=\"\" srcset=\"https:\/\/maderaadultschool.com\/wp-content\/uploads\/2022\/11\/typingclub-logo-320.webp 320w, https:\/\/maderaadultschool.com\/wp-content\/uploads\/2022\/11\/typingclub-logo-320-300x68.webp 300w\" sizes=\"(max-width: 320px) 100vw, 320px\" \/>\t\t\t\t\t\t\t\t<\/a>\n\t\t\t\t\t\t\t\t\t\t\t\t\t\t\t<\/div>\n\t\t\t\t<\/div>\n\t\t\t\t<div class=\"elementor-element elementor-element-4570624 elementor-widget__width-initial elementor-widget-mobile__width-initial elementor-widget-laptop__width-initial elementor-widget-tablet_extra__width-initial elementor-widget-tablet__width-initial elementor-widget elementor-widget-image\" data-id=\"4570624\" data-element_type=\"widget\" data-widget_type=\"image.default\">\n\t\t\t\t<div class=\"elementor-widget-container\">\n\t\t\t\t\t\t\t\t\t\t\t\t\t\t\t\t<a href=\"https:\/\/zoom.us\/\" target=\"_blank\">\n\t\t\t\t\t\t\t<img loading=\"lazy\" decoding=\"async\" width=\"320\" height=\"112\" src=\"https:\/\/maderaadultschool.com\/wp-content\/uploads\/2022\/11\/zoom-logo-320.webp\" class=\"attachment-medium_large size-medium_large wp-image-1264\" alt=\"\" srcset=\"https:\/\/maderaadultschool.com\/wp-content\/uploads\/2022\/11\/zoom-logo-320.webp 320w, https:\/\/maderaadultschool.com\/wp-content\/uploads\/2022\/11\/zoom-logo-320-300x105.webp 300w\" sizes=\"(max-width: 320px) 100vw, 320px\" \/>\t\t\t\t\t\t\t\t<\/a>\n\t\t\t\t\t\t\t\t\t\t\t\t\t\t\t<\/div>\n\t\t\t\t<\/div>\n\t\t\t\t<\/div>\n\t\t\t\t\t<\/div>\n\t\t\t\t<\/div>\n\t\t<div class=\"elementor-element elementor-element-f257312 e-flex e-con-boxed e-con e-child\" data-id=\"f257312\" data-element_type=\"container\">\n\t\t\t\t\t<div class=\"e-con-inner\">\n\t\t\t\t<div class=\"elementor-element elementor-element-1ced9c8 elementor-widget__width-inherit elementor-widget-divider--view-line elementor-widget elementor-widget-divider\" data-id=\"1ced9c8\" data-element_type=\"widget\" data-widget_type=\"divider.default\">\n\t\t\t\t<div class=\"elementor-widget-container\">\n\t\t\t\t\t\t\t<div class=\"elementor-divider\">\n\t\t\t<span class=\"elementor-divider-separator\">\n\t\t\t\t\t\t<\/span>\n\t\t<\/div>\n\t\t\t\t\t\t<\/div>\n\t\t\t\t<\/div>\n\t\t\t\t<div class=\"elementor-element elementor-element-4af67ae elementor-widget__width-inherit elementor-widget elementor-widget-text-editor\" data-id=\"4af67ae\" data-element_type=\"widget\" data-widget_type=\"text-editor.default\">\n\t\t\t\t<div class=\"elementor-widget-container\">\n\t\t\t\t\t\t\t\t\t<p>Solo se aceptan efectivo, giros bancarios, cheque de cajero y VISA \/ MasterCard.\u00a0<br \/>(Todos los precios est\u00e1n sujetos a cambios)<\/p>\t\t\t\t\t\t\t\t<\/div>\n\t\t\t\t<\/div>\n\t\t<div class=\"elementor-element elementor-element-dab21ff e-flex e-con-boxed e-con e-child\" data-id=\"dab21ff\" data-element_type=\"container\">\n\t\t\t\t\t<div class=\"e-con-inner\">\n\t\t\t\t<div class=\"elementor-element elementor-element-b94a335 elementor-position-left elementor-view-stacked elementor-shape-square elementor-mobile-position-left elementor-vertical-align-middle elementor-widget-mobile__width-initial elementor-widget elementor-widget-icon-box\" data-id=\"b94a335\" data-element_type=\"widget\" data-widget_type=\"icon-box.default\">\n\t\t\t\t<div class=\"elementor-widget-container\">\n\t\t\t\t\t\t\t<div class=\"elementor-icon-box-wrapper\">\n\n\t\t\t\t\t\t<div class=\"elementor-icon-box-icon\">\n\t\t\t\t<span  class=\"elementor-icon\">\n\t\t\t\t<svg aria-hidden=\"true\" class=\"e-font-icon-svg e-fas-map-marker-alt\" viewbox=\"0 0 384 512\" xmlns=\"http:\/\/www.w3.org\/2000\/svg\"><path d=\"M172.268 501.67C26.97 291.031 0 269.413 0 192 0 85.961 85.961 0 192 0s192 85.961 192 192c0 77.413-26.97 99.031-172.268 309.67-9.535 13.774-29.93 13.773-39.464 0zM192 272c44.183 0 80-35.817 80-80s-35.817-80-80-80-80 35.817-80 80 35.817 80 80 80z\"><\/path><\/svg>\t\t\t\t<\/span>\n\t\t\t<\/div>\n\t\t\t\n\t\t\t\t\t\t<div class=\"elementor-icon-box-content\">\n\n\t\t\t\t\t\t\t\t\t<div class=\"elementor-icon-box-title\">\n\t\t\t\t\t\t<span  >\n\t\t\t\t\t\t\t2037 W. Cleveland Ave.\t\t\t\t\t\t<\/span>\n\t\t\t\t\t<\/div>\n\t\t\t\t\n\t\t\t\t\t\t\t\t\t<p class=\"elementor-icon-box-description\">\n\t\t\t\t\t\tMadera, CA 93637\t\t\t\t\t<\/p>\n\t\t\t\t\n\t\t\t<\/div>\n\t\t\t\n\t\t<\/div>\n\t\t\t\t\t\t<\/div>\n\t\t\t\t<\/div>\n\t\t\t\t<div class=\"elementor-element elementor-element-df843dd elementor-position-left elementor-view-stacked elementor-shape-square elementor-mobile-position-left elementor-vertical-align-middle elementor-widget-mobile__width-initial elementor-widget elementor-widget-icon-box\" data-id=\"df843dd\" data-element_type=\"widget\" data-widget_type=\"icon-box.default\">\n\t\t\t\t<div class=\"elementor-widget-container\">\n\t\t\t\t\t\t\t<div class=\"elementor-icon-box-wrapper\">\n\n\t\t\t\t\t\t<div class=\"elementor-icon-box-icon\">\n\t\t\t\t<span  class=\"elementor-icon\">\n\t\t\t\t<svg aria-hidden=\"true\" class=\"e-font-icon-svg e-fas-phone-alt\" viewbox=\"0 0 512 512\" xmlns=\"http:\/\/www.w3.org\/2000\/svg\"><path d=\"M497.39 361.8l-112-48a24 24 0 0 0-28 6.9l-49.6 60.6A370.66 370.66 0 0 1 130.6 204.11l60.6-49.6a23.94 23.94 0 0 0 6.9-28l-48-112A24.16 24.16 0 0 0 122.6.61l-104 24A24 24 0 0 0 0 48c0 256.5 207.9 464 464 464a24 24 0 0 0 23.4-18.6l24-104a24.29 24.29 0 0 0-14.01-27.6z\"><\/path><\/svg>\t\t\t\t<\/span>\n\t\t\t<\/div>\n\t\t\t\n\t\t\t\t\t\t<div class=\"elementor-icon-box-content\">\n\n\t\t\t\t\t\t\t\t\t<div class=\"elementor-icon-box-title\">\n\t\t\t\t\t\t<span  >\n\t\t\t\t\t\t\t(559) 675-4425\t\t\t\t\t\t<\/span>\n\t\t\t\t\t<\/div>\n\t\t\t\t\n\t\t\t\t\t\t\t\t\t<p class=\"elementor-icon-box-description\">\n\t\t\t\t\t\t(559) 675-4562 FAX\t\t\t\t\t<\/p>\n\t\t\t\t\n\t\t\t<\/div>\n\t\t\t\n\t\t<\/div>\n\t\t\t\t\t\t<\/div>\n\t\t\t\t<\/div>\n\t\t\t\t<div class=\"elementor-element elementor-element-062b6b4 elementor-position-left elementor-view-stacked elementor-shape-square elementor-mobile-position-left elementor-vertical-align-middle elementor-widget-mobile__width-initial elementor-widget elementor-widget-icon-box\" data-id=\"062b6b4\" data-element_type=\"widget\" data-widget_type=\"icon-box.default\">\n\t\t\t\t<div class=\"elementor-widget-container\">\n\t\t\t\t\t\t\t<div class=\"elementor-icon-box-wrapper\">\n\n\t\t\t\t\t\t<div class=\"elementor-icon-box-icon\">\n\t\t\t\t<a href=\"https:\/\/www.facebook.com\/profile.php?id=100066659314057\" target=\"_blank\" class=\"elementor-icon\" tabindex=\"-1\" aria-label=\"CONECTASE\">\n\t\t\t\t<svg aria-hidden=\"true\" class=\"e-font-icon-svg e-fab-facebook\" viewbox=\"0 0 512 512\" xmlns=\"http:\/\/www.w3.org\/2000\/svg\"><path d=\"M504 256C504 119 393 8 256 8S8 119 8 256c0 123.78 90.69 226.38 209.25 245V327.69h-63V256h63v-54.64c0-62.15 37-96.48 93.67-96.48 27.14 0 55.52 4.84 55.52 4.84v61h-31.28c-30.8 0-40.41 19.12-40.41 38.73V256h68.78l-11 71.69h-57.78V501C413.31 482.38 504 379.78 504 256z\"><\/path><\/svg>\t\t\t\t<\/a>\n\t\t\t<\/div>\n\t\t\t\n\t\t\t\t\t\t<div class=\"elementor-icon-box-content\">\n\n\t\t\t\t\t\t\t\t\t<div class=\"elementor-icon-box-title\">\n\t\t\t\t\t\t<a href=\"https:\/\/www.facebook.com\/profile.php?id=100066659314057\" target=\"_blank\" >\n\t\t\t\t\t\t\tCONECTASE\t\t\t\t\t\t<\/a>\n\t\t\t\t\t<\/div>\n\t\t\t\t\n\t\t\t\t\t\t\t\t\t<p class=\"elementor-icon-box-description\">\n\t\t\t\t\t\tcon nosotros\t\t\t\t\t<\/p>\n\t\t\t\t\n\t\t\t<\/div>\n\t\t\t\n\t\t<\/div>\n\t\t\t\t\t\t<\/div>\n\t\t\t\t<\/div>\n\t\t\t\t\t<\/div>\n\t\t\t\t<\/div>\n\t\t\t\t\t<\/div>\n\t\t\t\t<\/div>\n\t\t\t\t\t<\/div>\n\t\t\t\t<\/div>\n\t\t\t\t<\/div>","protected":false},"excerpt":{"rendered":"<p>\/*! elementor &#8211; v3.12.1 &#8211; 02-04-2023 *\/ .elementor-heading-title{padding:0;margin:0;line-height:1}.elementor-widget-heading .elementor-heading-title[class*=elementor-size-]&gt;a{color:inherit;font-size:inherit;line-height:inherit}.elementor-widget-heading .elementor-heading-title.elementor-size-small{font-size:15px}.elementor-widget-heading .elementor-heading-title.elementor-size-medium{font-size:19px}.elementor-widget-heading .elementor-heading-title.elementor-size-large{font-size:29px}.elementor-widget-heading .elementor-heading-title.elementor-size-xl{font-size:39px}.elementor-widget-heading .elementor-heading-title.elementor-size-xxl{font-size:59px}Online access to student software resources The following online software solutions are available for students to use for their coursework. Be sure to ask your teacher with any questions related to the availability, use, and log in issues to successfully use the [&hellip;]<\/p>","protected":false},"author":5,"featured_media":0,"parent":342,"menu_order":12,"comment_status":"closed","ping_status":"closed","template":"elementor_header_footer","meta":{"footnotes":""},"class_list":["post-1289","page","type-page","status-publish","hentry"],"_links":{"self":[{"href":"https:\/\/maderaadultschool.com\/es\/wp-json\/wp\/v2\/pages\/1289","targetHints":{"allow":["GET"]}}],"collection":[{"href":"https:\/\/maderaadultschool.com\/es\/wp-json\/wp\/v2\/pages"}],"about":[{"href":"https:\/\/maderaadultschool.com\/es\/wp-json\/wp\/v2\/types\/page"}],"author":[{"embeddable":true,"href":"https:\/\/maderaadultschool.com\/es\/wp-json\/wp\/v2\/users\/5"}],"replies":[{"embeddable":true,"href":"https:\/\/maderaadultschool.com\/es\/wp-json\/wp\/v2\/comments?post=1289"}],"version-history":[{"count":0,"href":"https:\/\/maderaadultschool.com\/es\/wp-json\/wp\/v2\/pages\/1289\/revisions"}],"up":[{"embeddable":true,"href":"https:\/\/maderaadultschool.com\/es\/wp-json\/wp\/v2\/pages\/342"}],"wp:attachment":[{"href":"https:\/\/maderaadultschool.com\/es\/wp-json\/wp\/v2\/media?parent=1289"}],"curies":[{"name":"wp","href":"https:\/\/api.w.org\/{rel}","templated":true}]}}