{"id":815,"date":"2022-08-05T05:32:33","date_gmt":"2022-08-04T21:32:33","guid":{"rendered":"https:\/\/maderaadutlschool.com\/?page_id=815"},"modified":"2024-04-17T09:19:46","modified_gmt":"2024-04-17T01:19:46","slug":"english-as-a-second-language","status":"publish","type":"page","link":"https:\/\/maderaadultschool.com\/es\/programs\/english-as-a-second-language\/","title":{"rendered":"Ingl\u00e9s como segundo idioma (ESL)"},"content":{"rendered":"<div data-elementor-type=\"wp-page\" data-elementor-id=\"815\" class=\"elementor elementor-815\" data-elementor-post-type=\"page\">\n\t\t\t\t<div class=\"elementor-element elementor-element-4b01ac6 e-flex e-con-boxed e-con e-parent\" data-id=\"4b01ac6\" data-element_type=\"container\">\n\t\t\t\t\t<div class=\"e-con-inner\">\n\t\t<div class=\"elementor-element elementor-element-531135c e-flex e-con-boxed e-con e-child\" data-id=\"531135c\" data-element_type=\"container\">\n\t\t\t\t\t<div class=\"e-con-inner\">\n\t\t\t\t\t<\/div>\n\t\t\t\t<\/div>\n\t\t<div class=\"elementor-element elementor-element-6429a10 e-flex e-con-boxed e-con e-child\" data-id=\"6429a10\" data-element_type=\"container\">\n\t\t\t\t\t<div class=\"e-con-inner\">\n\t\t<div class=\"elementor-element elementor-element-28923bf e-con-full e-flex e-con e-child\" data-id=\"28923bf\" data-element_type=\"container\">\n\t\t\t\t<div class=\"elementor-element elementor-element-a9e4dca elementor-widget__width-inherit elementor-widget elementor-widget-heading\" data-id=\"a9e4dca\" data-element_type=\"widget\" data-widget_type=\"heading.default\">\n\t\t\t\t<div class=\"elementor-widget-container\">\n\t\t\t\t\t<div class=\"elementor-heading-title elementor-size-default\">Clases<\/div>\t\t\t\t<\/div>\n\t\t\t\t<\/div>\n\t\t\t\t<div class=\"elementor-element elementor-element-f37f7b8 elementor-widget elementor-widget-text-editor\" data-id=\"f37f7b8\" data-element_type=\"widget\" data-widget_type=\"text-editor.default\">\n\t\t\t\t<div class=\"elementor-widget-container\">\n\t\t\t\t\t\t\t\t\t<p style=\"font-weight: 400;\">Los cursos de ingl\u00e9s como segundo idioma (ESL) brindan a los estudiantes del idioma ingl\u00e9s habilidades para la vida y la oportunidad de mejorar el habla, la escucha, la lectura, la escritura, el desarrollo del vocabulario y la gram\u00e1tica. Las clases est\u00e1n disponibles durante las horas de la ma\u00f1ana y la tarde.\u00a0<\/p><p style=\"font-weight: 400;\">Las clases de ESL operan en un programa de \"Inscripci\u00f3n administrada\". Una vez cerrada la inscripci\u00f3n, no se inscribir\u00e1n nuevos estudiantes en la clase hasta que comience la sesi\u00f3n de las pr\u00f3ximas 9 semanas. Los estudiantes se registran por orden de llegada. Tenga en cuenta que se dar\u00e1 prioridad a los estudiantes que contin\u00faan. Los nuevos estudiantes deben completar una prueba de nivel y asistir a una orientaci\u00f3n programada antes de la inscripci\u00f3n.<\/p><h4><strong>Las clases de ESL se imparten en M\u00faltiples niveles de la siguiente manera:<\/strong><\/h4><p><strong>Nivel de prealfabetizaci\u00f3n<\/strong><\/p><p>Este es el nivel m\u00e1s bajo. B\u00e1sicamente no hay conocimiento del idioma ingl\u00e9s. La persona puede saber algunas palabras, pero no puede formar oraciones ni mantener ning\u00fan tipo de conversaci\u00f3n.<\/p><p><strong>Nivel inicial<\/strong><\/p><p>Competencia de primaria. En este nivel, una persona puede formar oraciones b\u00e1sicas, incluyendo hacer y responder preguntas simples. Este es esencialmente el punto de partida de los niveles de competencia ling\u00fc\u00edstica.<\/p><p><strong>Nivel Intermedio<\/strong><\/p><p>Alguien en este nivel puede entender comandos de trabajo b\u00e1sicos y frases sociales. Pueden mantener conversaciones limitadas. Solo pueden operar de forma independiente en conversaciones b\u00e1sicas.<\/p><p><strong>Nivel Avanzado<\/strong><\/p><p>Alguien en este nivel puede tener conversaciones avanzadas sobre una amplia gama de temas sobre la vida personal, eventos actuales y temas t\u00e9cnicos. Las personas en este nivel todav\u00eda pueden tener un acento menor y ocasionalmente pueden hablar mal o cometer errores menores. Su vocabulario es extenso y pueden mantener conversaciones con facilidad.<\/p><p><strong>Multinivel<\/strong><\/p><p>Esta clase puede tener estudiantes de todos los niveles anteriores. Este aula es el \u00faltimo recurso para acomodar a los estudiantes donde no hay otra clase para inscribirlos.<\/p>\t\t\t\t\t\t\t\t<\/div>\n\t\t\t\t<\/div>\n\t\t\t\t<div class=\"elementor-element elementor-element-113c985 elementor-widget__width-inherit elementor-widget elementor-widget-heading\" data-id=\"113c985\" data-element_type=\"widget\" data-widget_type=\"heading.default\">\n\t\t\t\t<div class=\"elementor-widget-container\">\n\t\t\t\t\t<div class=\"elementor-heading-title elementor-size-default\">Informaci\u00f3n sobre el costo de inscripci\u00f3n<\/div>\t\t\t\t<\/div>\n\t\t\t\t<\/div>\n\t\t\t\t<div class=\"elementor-element elementor-element-76ce2cc elementor-widget elementor-widget-text-editor\" data-id=\"76ce2cc\" data-element_type=\"widget\" data-widget_type=\"text-editor.default\">\n\t\t\t\t<div class=\"elementor-widget-container\">\n\t\t\t\t\t\t\t\t\t<p style=\"font-weight: 400;\">Hay espacio limitado. Los estudiantes se registran por orden de llegada. Si su horario de trabajo o responsabilidades familiares cambian y le dificultan asistir a clase con frecuencia, hable con su maestro acerca de transferirse a una clase en un momento diferente. Podemos dejar a los estudiantes que no asisten regularmente, llegan tarde a clase, se van temprano o que est\u00e1n ausentes durante dos semanas.<\/p>\t\t\t\t\t\t\t\t<\/div>\n\t\t\t\t<\/div>\n\t\t<div class=\"elementor-element elementor-element-fc7864a e-flex e-con-boxed e-con e-child\" data-id=\"fc7864a\" data-element_type=\"container\">\n\t\t\t\t\t<div class=\"e-con-inner\">\n\t\t\t\t<div class=\"elementor-element elementor-element-2b7fed3 elementor-widget__width-inherit elementor-widget-divider--view-line elementor-widget elementor-widget-divider\" data-id=\"2b7fed3\" data-element_type=\"widget\" data-widget_type=\"divider.default\">\n\t\t\t\t<div class=\"elementor-widget-container\">\n\t\t\t\t\t\t\t<div class=\"elementor-divider\">\n\t\t\t<span class=\"elementor-divider-separator\">\n\t\t\t\t\t\t<\/span>\n\t\t<\/div>\n\t\t\t\t\t\t<\/div>\n\t\t\t\t<\/div>\n\t\t\t\t<div class=\"elementor-element elementor-element-643e942 elementor-widget__width-auto elementor-widget elementor-widget-text-editor\" data-id=\"643e942\" data-element_type=\"widget\" data-widget_type=\"text-editor.default\">\n\t\t\t\t<div class=\"elementor-widget-container\">\n\t\t\t\t\t\t\t\t\t<p>SIN COSTO<\/p>\t\t\t\t\t\t\t\t<\/div>\n\t\t\t\t<\/div>\n\t\t<div class=\"elementor-element elementor-element-a87b5ed e-flex e-con-boxed e-con e-child\" data-id=\"a87b5ed\" data-element_type=\"container\">\n\t\t\t\t\t<div class=\"e-con-inner\">\n\t\t\t\t<div class=\"elementor-element elementor-element-4a65958 elementor-position-left elementor-view-stacked elementor-shape-square elementor-mobile-position-left elementor-vertical-align-middle elementor-widget-mobile__width-initial elementor-widget elementor-widget-icon-box\" data-id=\"4a65958\" data-element_type=\"widget\" data-widget_type=\"icon-box.default\">\n\t\t\t\t<div class=\"elementor-widget-container\">\n\t\t\t\t\t\t\t<div class=\"elementor-icon-box-wrapper\">\n\n\t\t\t\t\t\t<div class=\"elementor-icon-box-icon\">\n\t\t\t\t<span  class=\"elementor-icon\">\n\t\t\t\t<svg aria-hidden=\"true\" class=\"e-font-icon-svg e-fas-map-marker-alt\" viewbox=\"0 0 384 512\" xmlns=\"http:\/\/www.w3.org\/2000\/svg\"><path d=\"M172.268 501.67C26.97 291.031 0 269.413 0 192 0 85.961 85.961 0 192 0s192 85.961 192 192c0 77.413-26.97 99.031-172.268 309.67-9.535 13.774-29.93 13.773-39.464 0zM192 272c44.183 0 80-35.817 80-80s-35.817-80-80-80-80 35.817-80 80 35.817 80 80 80z\"><\/path><\/svg>\t\t\t\t<\/span>\n\t\t\t<\/div>\n\t\t\t\n\t\t\t\t\t\t<div class=\"elementor-icon-box-content\">\n\n\t\t\t\t\t\t\t\t\t<div class=\"elementor-icon-box-title\">\n\t\t\t\t\t\t<span  >\n\t\t\t\t\t\t\t2037 W. Cleveland Ave.\t\t\t\t\t\t<\/span>\n\t\t\t\t\t<\/div>\n\t\t\t\t\n\t\t\t\t\t\t\t\t\t<p class=\"elementor-icon-box-description\">\n\t\t\t\t\t\tMadera, CA 93637\t\t\t\t\t<\/p>\n\t\t\t\t\n\t\t\t<\/div>\n\t\t\t\n\t\t<\/div>\n\t\t\t\t\t\t<\/div>\n\t\t\t\t<\/div>\n\t\t\t\t<div class=\"elementor-element elementor-element-54a19aa elementor-position-left elementor-view-stacked elementor-shape-square elementor-mobile-position-left elementor-vertical-align-middle elementor-widget-mobile__width-initial elementor-widget elementor-widget-icon-box\" data-id=\"54a19aa\" data-element_type=\"widget\" data-widget_type=\"icon-box.default\">\n\t\t\t\t<div class=\"elementor-widget-container\">\n\t\t\t\t\t\t\t<div class=\"elementor-icon-box-wrapper\">\n\n\t\t\t\t\t\t<div class=\"elementor-icon-box-icon\">\n\t\t\t\t<span  class=\"elementor-icon\">\n\t\t\t\t<svg aria-hidden=\"true\" class=\"e-font-icon-svg e-fas-phone-alt\" viewbox=\"0 0 512 512\" xmlns=\"http:\/\/www.w3.org\/2000\/svg\"><path d=\"M497.39 361.8l-112-48a24 24 0 0 0-28 6.9l-49.6 60.6A370.66 370.66 0 0 1 130.6 204.11l60.6-49.6a23.94 23.94 0 0 0 6.9-28l-48-112A24.16 24.16 0 0 0 122.6.61l-104 24A24 24 0 0 0 0 48c0 256.5 207.9 464 464 464a24 24 0 0 0 23.4-18.6l24-104a24.29 24.29 0 0 0-14.01-27.6z\"><\/path><\/svg>\t\t\t\t<\/span>\n\t\t\t<\/div>\n\t\t\t\n\t\t\t\t\t\t<div class=\"elementor-icon-box-content\">\n\n\t\t\t\t\t\t\t\t\t<div class=\"elementor-icon-box-title\">\n\t\t\t\t\t\t<span  >\n\t\t\t\t\t\t\t(559) 675-4425\t\t\t\t\t\t<\/span>\n\t\t\t\t\t<\/div>\n\t\t\t\t\n\t\t\t\t\t\t\t\t\t<p class=\"elementor-icon-box-description\">\n\t\t\t\t\t\t(559) 675-4562 FAX\t\t\t\t\t<\/p>\n\t\t\t\t\n\t\t\t<\/div>\n\t\t\t\n\t\t<\/div>\n\t\t\t\t\t\t<\/div>\n\t\t\t\t<\/div>\n\t\t\t\t<div class=\"elementor-element elementor-element-43917b4 elementor-position-left elementor-view-stacked elementor-shape-square elementor-mobile-position-left elementor-vertical-align-middle elementor-widget-mobile__width-initial elementor-widget elementor-widget-icon-box\" data-id=\"43917b4\" data-element_type=\"widget\" data-widget_type=\"icon-box.default\">\n\t\t\t\t<div class=\"elementor-widget-container\">\n\t\t\t\t\t\t\t<div class=\"elementor-icon-box-wrapper\">\n\n\t\t\t\t\t\t<div class=\"elementor-icon-box-icon\">\n\t\t\t\t<a href=\"https:\/\/www.facebook.com\/profile.php?id=100066659314057\" target=\"_blank\" class=\"elementor-icon\" tabindex=\"-1\" aria-label=\"CONECTASE\">\n\t\t\t\t<svg aria-hidden=\"true\" class=\"e-font-icon-svg e-fab-facebook\" viewbox=\"0 0 512 512\" xmlns=\"http:\/\/www.w3.org\/2000\/svg\"><path d=\"M504 256C504 119 393 8 256 8S8 119 8 256c0 123.78 90.69 226.38 209.25 245V327.69h-63V256h63v-54.64c0-62.15 37-96.48 93.67-96.48 27.14 0 55.52 4.84 55.52 4.84v61h-31.28c-30.8 0-40.41 19.12-40.41 38.73V256h68.78l-11 71.69h-57.78V501C413.31 482.38 504 379.78 504 256z\"><\/path><\/svg>\t\t\t\t<\/a>\n\t\t\t<\/div>\n\t\t\t\n\t\t\t\t\t\t<div class=\"elementor-icon-box-content\">\n\n\t\t\t\t\t\t\t\t\t<div class=\"elementor-icon-box-title\">\n\t\t\t\t\t\t<a href=\"https:\/\/www.facebook.com\/profile.php?id=100066659314057\" target=\"_blank\" >\n\t\t\t\t\t\t\tCONECTASE\t\t\t\t\t\t<\/a>\n\t\t\t\t\t<\/div>\n\t\t\t\t\n\t\t\t\t\t\t\t\t\t<p class=\"elementor-icon-box-description\">\n\t\t\t\t\t\tcon nosotros\t\t\t\t\t<\/p>\n\t\t\t\t\n\t\t\t<\/div>\n\t\t\t\n\t\t<\/div>\n\t\t\t\t\t\t<\/div>\n\t\t\t\t<\/div>\n\t\t\t\t\t<\/div>\n\t\t\t\t<\/div>\n\t\t\t\t\t<\/div>\n\t\t\t\t<\/div>\n\t\t\t\t<\/div>\n\t\t<div class=\"elementor-element elementor-element-61f2ca3 e-con-full e-flex e-con e-child\" data-id=\"61f2ca3\" data-element_type=\"container\" data-settings=\"{&quot;background_background&quot;:&quot;classic&quot;}\">\n\t\t\t\t<div class=\"elementor-element elementor-element-36738c1 elementor-widget__width-inherit elementor-widget elementor-widget-heading\" data-id=\"36738c1\" data-element_type=\"widget\" data-widget_type=\"heading.default\">\n\t\t\t\t<div class=\"elementor-widget-container\">\n\t\t\t\t\t<div class=\"elementor-heading-title elementor-size-default\">Horario de clases de ESL<\/div>\t\t\t\t<\/div>\n\t\t\t\t<\/div>\n\t\t\t\t<div class=\"elementor-element elementor-element-46f529a elementor-widget elementor-widget-text-editor\" data-id=\"46f529a\" data-element_type=\"widget\" data-widget_type=\"text-editor.default\">\n\t\t\t\t<div class=\"elementor-widget-container\">\n\t\t\t\t\t\t\t\t\t<p style=\"font-weight: 400;\">Todas las clases est\u00e1n disponibles por la ma\u00f1ana y por la noche y en una variedad de lugares.<\/p><p style=\"font-weight: 400;\">Llame al 559-675-4425 para los horarios y lugares de clase e informaci\u00f3n m\u00e1s detallada.<\/p>\t\t\t\t\t\t\t\t<\/div>\n\t\t\t\t<\/div>\n\t\t\t\t<div class=\"elementor-element elementor-element-3f1ef03 elementor-widget__width-inherit elementor-widget elementor-widget-heading\" data-id=\"3f1ef03\" data-element_type=\"widget\" data-widget_type=\"heading.default\">\n\t\t\t\t<div class=\"elementor-widget-container\">\n\t\t\t\t\t<h2 class=\"elementor-heading-title elementor-size-default\">ESL classes are available at the following location:<\/h2>\t\t\t\t<\/div>\n\t\t\t\t<\/div>\n\t\t<div class=\"elementor-element elementor-element-cd3affb e-flex e-con-boxed e-con e-child\" data-id=\"cd3affb\" data-element_type=\"container\">\n\t\t\t\t\t<div class=\"e-con-inner\">\n\t\t\t\t<div class=\"elementor-element elementor-element-98d39fc elementor-widget elementor-widget-heading\" data-id=\"98d39fc\" data-element_type=\"widget\" data-widget_type=\"heading.default\">\n\t\t\t\t<div class=\"elementor-widget-container\">\n\t\t\t\t\t<h4 class=\"elementor-heading-title elementor-size-default\">Primaria Millview<\/h4>\t\t\t\t<\/div>\n\t\t\t\t<\/div>\n\t\t\t\t<div class=\"elementor-element elementor-element-1d40ac9 elementor-widget elementor-widget-text-editor\" data-id=\"1d40ac9\" data-element_type=\"widget\" data-widget_type=\"text-editor.default\">\n\t\t\t\t<div class=\"elementor-widget-container\">\n\t\t\t\t\t\t\t\t\t<p>1609 Clinton Street, Madera 93638<\/p>\t\t\t\t\t\t\t\t<\/div>\n\t\t\t\t<\/div>\n\t\t\t\t<div class=\"elementor-element elementor-element-1a9ed13 elementor-widget__width-inherit elementor-widget elementor-widget-google_maps\" data-id=\"1a9ed13\" data-element_type=\"widget\" data-widget_type=\"google_maps.default\">\n\t\t\t\t<div class=\"elementor-widget-container\">\n\t\t\t\t\t\t\t<div class=\"elementor-custom-embed\">\n\t\t\t<iframe loading=\"lazy\"\n\t\t\t\t\tsrc=\"https:\/\/maps.google.com\/maps?q=1609%20Clinton%20Street%2C%20Madera%2093638&#038;t=m&#038;z=14&#038;output=embed&#038;iwloc=near\"\n\t\t\t\t\ttitle=\"1609 Clinton Street, Madera 93638\"\n\t\t\t\t\taria-label=\"1609 Clinton Street, Madera 93638\"\n\t\t\t><\/iframe>\n\t\t<\/div>\n\t\t\t\t\t\t<\/div>\n\t\t\t\t<\/div>\n\t\t\t\t\t<\/div>\n\t\t\t\t<\/div>\n\t\t\t\t<\/div>\n\t\t\t\t\t<\/div>\n\t\t\t\t<\/div>\n\t\t<div class=\"elementor-element elementor-element-c02a8a2 e-flex e-con-boxed e-con e-child\" data-id=\"c02a8a2\" data-element_type=\"container\">\n\t\t\t\t\t<div class=\"e-con-inner\">\n\t\t<div class=\"elementor-element elementor-element-2a35646 e-flex e-con-boxed e-con e-child\" data-id=\"2a35646\" data-element_type=\"container\" data-settings=\"{&quot;background_background&quot;:&quot;classic&quot;}\">\n\t\t\t\t\t<div class=\"e-con-inner\">\n\t\t\t\t<div class=\"elementor-element elementor-element-d11cd16 elementor-widget__width-initial elementor-position-top elementor-widget elementor-widget-image-box\" data-id=\"d11cd16\" data-element_type=\"widget\" data-widget_type=\"image-box.default\">\n\t\t\t\t<div class=\"elementor-widget-container\">\n\t\t\t\t\t<div class=\"elementor-image-box-wrapper\"><figure class=\"elementor-image-box-img\"><a href=\"https:\/\/maderaadultschool.com\/wp-content\/uploads\/2022\/08\/adult_school_ESL_flyer_eng-1.pdf\" target=\"_blank\" tabindex=\"-1\"><img fetchpriority=\"high\" decoding=\"async\" width=\"750\" height=\"1050\" src=\"https:\/\/maderaadultschool.com\/wp-content\/uploads\/2022\/08\/adult_school_ESL_flyer_eng.webp\" class=\"elementor-animation-grow attachment-full size-full wp-image-956\" alt=\"Adult School ESL Flyer in English\" srcset=\"https:\/\/maderaadultschool.com\/wp-content\/uploads\/2022\/08\/adult_school_ESL_flyer_eng.webp 750w, https:\/\/maderaadultschool.com\/wp-content\/uploads\/2022\/08\/adult_school_ESL_flyer_eng-214x300.webp 214w, https:\/\/maderaadultschool.com\/wp-content\/uploads\/2022\/08\/adult_school_ESL_flyer_eng-731x1024.webp 731w\" sizes=\"(max-width: 750px) 100vw, 750px\" \/><\/a><\/figure><div class=\"elementor-image-box-content\"><div class=\"elementor-image-box-title\"><a href=\"https:\/\/maderaadultschool.com\/wp-content\/uploads\/2022\/08\/adult_school_ESL_flyer_eng-1.pdf\" target=\"_blank\">Download the Flyer<\/a><\/div><\/div><\/div>\t\t\t\t<\/div>\n\t\t\t\t<\/div>\n\t\t\t\t<div class=\"elementor-element elementor-element-c49367b elementor-widget__width-initial elementor-position-top elementor-widget elementor-widget-image-box\" data-id=\"c49367b\" data-element_type=\"widget\" data-widget_type=\"image-box.default\">\n\t\t\t\t<div class=\"elementor-widget-container\">\n\t\t\t\t\t<div class=\"elementor-image-box-wrapper\"><figure class=\"elementor-image-box-img\"><a href=\"https:\/\/maderaadultschool.com\/wp-content\/uploads\/2022\/08\/adult_school_ESL_flyer_span-1.pdf\" target=\"_blank\" tabindex=\"-1\"><img decoding=\"async\" width=\"750\" height=\"1050\" src=\"https:\/\/maderaadultschool.com\/wp-content\/uploads\/2022\/08\/adult_school_ESL_flyer_span.webp\" class=\"elementor-animation-grow attachment-full size-full wp-image-957\" alt=\"\" srcset=\"https:\/\/maderaadultschool.com\/wp-content\/uploads\/2022\/08\/adult_school_ESL_flyer_span.webp 750w, https:\/\/maderaadultschool.com\/wp-content\/uploads\/2022\/08\/adult_school_ESL_flyer_span-214x300.webp 214w, https:\/\/maderaadultschool.com\/wp-content\/uploads\/2022\/08\/adult_school_ESL_flyer_span-731x1024.webp 731w\" sizes=\"(max-width: 750px) 100vw, 750px\" \/><\/a><\/figure><div class=\"elementor-image-box-content\"><div class=\"elementor-image-box-title\"><a href=\"https:\/\/maderaadultschool.com\/wp-content\/uploads\/2022\/08\/adult_school_ESL_flyer_span-1.pdf\" target=\"_blank\">Descargar el Folleto<\/a><\/div><\/div><\/div>\t\t\t\t<\/div>\n\t\t\t\t<\/div>\n\t\t\t\t\t<\/div>\n\t\t\t\t<\/div>\n\t\t\t\t\t<\/div>\n\t\t\t\t<\/div>\n\t\t\t\t<div class=\"elementor-element elementor-element-7dec329 elementor-share-buttons--view-icon elementor-share-buttons--shape-rounded elementor-share-buttons--align-center elementor-widget__width-inherit elementor-widget-mobile__width-inherit elementor-share-buttons--skin-gradient elementor-grid-0 elementor-share-buttons--color-official elementor-widget elementor-widget-share-buttons\" data-id=\"7dec329\" data-element_type=\"widget\" data-widget_type=\"share-buttons.default\">\n\t\t\t\t<div class=\"elementor-widget-container\">\n\t\t\t\t\t\t\t<div class=\"elementor-grid\" role=\"list\">\n\t\t\t\t\t\t\t\t<div class=\"elementor-grid-item\" role=\"listitem\">\n\t\t\t\t\t\t<div class=\"elementor-share-btn elementor-share-btn_linkedin\" role=\"button\" tabindex=\"0\" aria-label=\"Compartir en linkedin\">\n\t\t\t\t\t\t\t\t\t\t\t\t\t\t\t<span class=\"elementor-share-btn__icon\">\n\t\t\t\t\t\t\t\t<svg class=\"e-font-icon-svg e-fab-linkedin\" viewbox=\"0 0 448 512\" xmlns=\"http:\/\/www.w3.org\/2000\/svg\"><path d=\"M416 32H31.9C14.3 32 0 46.5 0 64.3v383.4C0 465.5 14.3 480 31.9 480H416c17.6 0 32-14.5 32-32.3V64.3c0-17.8-14.4-32.3-32-32.3zM135.4 416H69V202.2h66.5V416zm-33.2-243c-21.3 0-38.5-17.3-38.5-38.5S80.9 96 102.2 96c21.2 0 38.5 17.3 38.5 38.5 0 21.3-17.2 38.5-38.5 38.5zm282.1 243h-66.4V312c0-24.8-.5-56.7-34.5-56.7-34.6 0-39.9 27-39.9 54.9V416h-66.4V202.2h63.7v29.2h.9c8.9-16.8 30.6-34.5 62.9-34.5 67.2 0 79.7 44.3 79.7 101.9V416z\"><\/path><\/svg>\t\t\t\t\t\t\t<\/span>\n\t\t\t\t\t\t\t\t\t\t\t\t\t\t\t\t\t\t\t\t<\/div>\n\t\t\t\t\t<\/div>\n\t\t\t\t\t\t\t\t\t<div class=\"elementor-grid-item\" role=\"listitem\">\n\t\t\t\t\t\t<div class=\"elementor-share-btn elementor-share-btn_facebook\" role=\"button\" tabindex=\"0\" aria-label=\"Compartir en facebook\">\n\t\t\t\t\t\t\t\t\t\t\t\t\t\t\t<span class=\"elementor-share-btn__icon\">\n\t\t\t\t\t\t\t\t<svg class=\"e-font-icon-svg e-fab-facebook\" viewbox=\"0 0 512 512\" xmlns=\"http:\/\/www.w3.org\/2000\/svg\"><path d=\"M504 256C504 119 393 8 256 8S8 119 8 256c0 123.78 90.69 226.38 209.25 245V327.69h-63V256h63v-54.64c0-62.15 37-96.48 93.67-96.48 27.14 0 55.52 4.84 55.52 4.84v61h-31.28c-30.8 0-40.41 19.12-40.41 38.73V256h68.78l-11 71.69h-57.78V501C413.31 482.38 504 379.78 504 256z\"><\/path><\/svg>\t\t\t\t\t\t\t<\/span>\n\t\t\t\t\t\t\t\t\t\t\t\t\t\t\t\t\t\t\t\t<\/div>\n\t\t\t\t\t<\/div>\n\t\t\t\t\t\t\t\t\t<div class=\"elementor-grid-item\" role=\"listitem\">\n\t\t\t\t\t\t<div class=\"elementor-share-btn elementor-share-btn_x-twitter\" role=\"button\" tabindex=\"0\" aria-label=\"Compartir en x-twitter\">\n\t\t\t\t\t\t\t\t\t\t\t\t\t\t\t<span class=\"elementor-share-btn__icon\">\n\t\t\t\t\t\t\t\t<svg class=\"e-font-icon-svg e-fab-x-twitter\" viewbox=\"0 0 512 512\" xmlns=\"http:\/\/www.w3.org\/2000\/svg\"><path d=\"M389.2 48h70.6L305.6 224.2 487 464H345L233.7 318.6 106.5 464H35.8L200.7 275.5 26.8 48H172.4L272.9 180.9 389.2 48zM364.4 421.8h39.1L151.1 88h-42L364.4 421.8z\"><\/path><\/svg>\t\t\t\t\t\t\t<\/span>\n\t\t\t\t\t\t\t\t\t\t\t\t\t\t\t\t\t\t\t\t<\/div>\n\t\t\t\t\t<\/div>\n\t\t\t\t\t\t<\/div>\n\t\t\t\t\t\t<\/div>\n\t\t\t\t<\/div>\n\t\t\t\t\t<\/div>\n\t\t\t\t<\/div>\n\t\t\t\t<\/div>","protected":false},"excerpt":{"rendered":"<p>Classes English as a Second language (ESL) courses provide English language learners with life skills and the opportunity to improve speaking, listening, reading, writing, vocabulary development, and grammar. Classes are available during the morning and evening hours.\u00a0 Currently, ESL classes operate on a \u201cManaged Enrollment\u201d program. Once enrollment is closed, no new students will be [&hellip;]<\/p>","protected":false},"author":5,"featured_media":0,"parent":342,"menu_order":16,"comment_status":"closed","ping_status":"closed","template":"elementor_header_footer","meta":{"footnotes":""},"class_list":["post-815","page","type-page","status-publish","hentry"],"_links":{"self":[{"href":"https:\/\/maderaadultschool.com\/es\/wp-json\/wp\/v2\/pages\/815","targetHints":{"allow":["GET"]}}],"collection":[{"href":"https:\/\/maderaadultschool.com\/es\/wp-json\/wp\/v2\/pages"}],"about":[{"href":"https:\/\/maderaadultschool.com\/es\/wp-json\/wp\/v2\/types\/page"}],"author":[{"embeddable":true,"href":"https:\/\/maderaadultschool.com\/es\/wp-json\/wp\/v2\/users\/5"}],"replies":[{"embeddable":true,"href":"https:\/\/maderaadultschool.com\/es\/wp-json\/wp\/v2\/comments?post=815"}],"version-history":[{"count":0,"href":"https:\/\/maderaadultschool.com\/es\/wp-json\/wp\/v2\/pages\/815\/revisions"}],"up":[{"embeddable":true,"href":"https:\/\/maderaadultschool.com\/es\/wp-json\/wp\/v2\/pages\/342"}],"wp:attachment":[{"href":"https:\/\/maderaadultschool.com\/es\/wp-json\/wp\/v2\/media?parent=815"}],"curies":[{"name":"wp","href":"https:\/\/api.w.org\/{rel}","templated":true}]}}